{"id":41,"date":"2018-03-23T09:49:14","date_gmt":"2018-03-23T08:49:14","guid":{"rendered":"https:\/\/tzb.cit.fce.vutbr.cz\/?page_id=41"},"modified":"2024-06-17T08:44:25","modified_gmt":"2024-06-17T06:44:25","slug":"profil","status":"publish","type":"page","link":"https:\/\/www.tzb.fce.vutbr.cz\/uvodni-informace\/profil\/","title":{"rendered":"Profil \u00fastavu"},"content":{"rendered":"<blockquote><p><span style=\"color: #99cc00\">&#8222;Zdrav\u00e9 vnit\u0159n\u00ed prost\u0159ed\u00ed a n\u00edzk\u00e1 spot\u0159eba energie v \u017eivotn\u00edm cyklu budov&#8220;<\/span><\/p><\/blockquote>\n<h4>\u010cINNOST<\/h4>\n<p>Vzd\u011bl\u00e1v\u00e1n\u00ed, poradenstv\u00ed a v\u00fdzkum v\u00a0oblasti tvorby vnit\u0159n\u00edho prost\u0159ed\u00ed staveb syst\u00e9my vyt\u00e1p\u011bn\u00ed, vzduchotechniky a chlazen\u00ed, zdravotn\u011b technick\u00fdch a elektroinstalac\u00ed. Uplatn\u011bn\u00ed obnoviteln\u00fdch zdroj\u016f energi\u00ed v\u00a0budov\u00e1ch a soustav\u00e1ch technick\u00fdch za\u0159\u00edzen\u00ed budov. Hodnocen\u00ed energetick\u00e9 n\u00e1ro\u010dnosti budov. Problematika trvale udr\u017eiteln\u00e9 v\u00fdstavby.<\/p>\n<p>&nbsp;<\/p>\n<h4>VYBAVEN\u00cd<\/h4>\n<h4 style=\"font-family: 'Helvetica Neue', Helvetica, Arial, sans-serif;color: #333333\"><img loading=\"lazy\" decoding=\"async\" class=\"alignleft wp-image-667 \" src=\"https:\/\/www.tzb.fce.vutbr.cz\/wp-content\/uploads\/sites\/9\/2024\/01\/09-nahoru.jpg\" alt=\"\" width=\"120\" height=\"259\" srcset=\"https:\/\/www.tzb.fce.vutbr.cz\/wp-content\/uploads\/sites\/9\/2024\/01\/09-nahoru.jpg 489w, https:\/\/www.tzb.fce.vutbr.cz\/wp-content\/uploads\/sites\/9\/2024\/01\/09-nahoru-139x300.jpg 139w, https:\/\/www.tzb.fce.vutbr.cz\/wp-content\/uploads\/sites\/9\/2024\/01\/09-nahoru-474x1024.jpg 474w\" sizes=\"auto, (max-width: 120px) 100vw, 120px\" \/><\/h4>\n<ul>\n<li>souprava pro m\u011b\u0159en\u00ed tepeln\u011b vlhkostn\u00edho mikroklimatu,<br \/>\nkvality vzduchu a osv\u011btlen\u00ed<\/li>\n<li>termokamery<\/li>\n<li>p\u0159enosn\u00e9 ultrazvukov\u00e9 pr\u016ftokom\u011bry<\/li>\n<li>z\u00e1znamov\u00e9 m\u011b\u0159ic\u00ed \u00fast\u0159edny a datalogery se sn\u00edma\u010di: tlaku, teploty tekutin, v\u00fdsledn\u00e9 teploty, vlhkosti, rychlosti proud\u011bn\u00ed vzduchu a jeho turbulunece, oxidu uhli\u010dit\u00e9ho, hustoty tepeln\u00e9ho toku<\/li>\n<li>analyz\u00e1tor kou\u0159ov\u00fdch plyn\u016f<\/li>\n<li>po\u010d\u00edta\u010d \u010d\u00e1stic pro \u010dist\u00e9 prostory<\/li>\n<li>z\u00e1znamov\u00e9 hlukom\u011bry se spektr\u00e1ln\u00ed anal\u00fdzou<\/li>\n<li>p\u0159\u00edstroj pro m\u011b\u0159en\u00ed elektrick\u00fdch veli\u010din<\/li>\n<li>balometry pro m\u011b\u0159en\u00ed pr\u016ftoku vzduchu<\/li>\n<li>Blower door test<\/li>\n<\/ul>\n<p>&nbsp;<\/p>\n<h4>NA\u0160E NAB\u00cdDKA<\/h4>\n<h4 style=\"font-family: 'Helvetica Neue', Helvetica, Arial, sans-serif;color: #333333\"><img loading=\"lazy\" decoding=\"async\" class=\" wp-image-666 alignleft\" style=\"font-size: 14px\" src=\"https:\/\/www.tzb.fce.vutbr.cz\/wp-content\/uploads\/sites\/9\/2024\/01\/stitek-150x150.jpg\" alt=\"\" width=\"130\" height=\"130\" \/><\/h4>\n<p>Monitoring stavu obytn\u00e9ho a pracovn\u00edho prost\u0159ed\u00ed v budov\u00e1ch.<\/p>\n<p>Experiment\u00e1ln\u00ed ov\u011b\u0159ov\u00e1n\u00ed funkce syst\u00e9m\u016f a prvk\u016f TZB (m\u011b\u0159en\u00ed pr\u016ftok\u016f, tepeln\u00fdch v\u00fdkon\u016f, tlakov\u00fdch ztr\u00e1t, hluku).<\/p>\n<p>Termogra\ufb01ck\u00e1 m\u011b\u0159en\u00ed.<\/p>\n<p>M\u011b\u0159en\u00ed vzduchot\u011bsnosti budov. Numerick\u00e9 simulace p\u0159enosu tepla.<\/p>\n<p><img loading=\"lazy\" decoding=\"async\" class=\" wp-image-665 alignleft\" src=\"https:\/\/www.tzb.fce.vutbr.cz\/wp-content\/uploads\/sites\/9\/2024\/01\/02-e1704791034115-150x150.jpg\" alt=\"\" width=\"130\" height=\"130\" \/>Energetick\u00e9 a l\u00e1tkov\u00e9 bilance. Energetick\u00fd audit budovy.<\/p>\n<p>Pr\u016fkaz energetick\u00e9 n\u00e1ro\u010dnosti budov.<\/p>\n<p>Poradensk\u00e1 a konzulta\u010dn\u00ed \u010dinnost ve specializac\u00edch:<\/p>\n<p style=\"padding-left: 80px\">\u00a0 \u00a0 \u00a0zdravotechnika, plynoinstalace, vyt\u00e1p\u011bn\u00ed, vzduchotechnika, chlazen\u00ed<\/p>\n<p>\u0158e\u0161en\u00ed ot\u00e1zek v oblasti provozu soustav TZB, OZE a KVET.<\/p>\n<p><img loading=\"lazy\" decoding=\"async\" class=\" wp-image-668 alignleft\" src=\"https:\/\/www.tzb.fce.vutbr.cz\/wp-content\/uploads\/sites\/9\/2024\/01\/005-150x150.jpg\" alt=\"\" width=\"130\" height=\"130\" \/><\/p>\n<p>Vypracov\u00e1n\u00ed odborn\u00fdch a znaleck\u00fdch posudk\u016f v oblasti techniky prost\u0159ed\u00ed staveb.<\/p>\n<p>Posouzen\u00ed projektov\u00e9 dokumentace a kontrola realizace v oblasti techniky prost\u0159ed\u00ed staveb.<\/p>\n<p>Posudky pro st\u00e1tn\u00ed podporu v oblasti energetiky.<\/p>\n<p>Technick\u00e9 poradenstv\u00ed p\u0159i zpracov\u00e1n\u00ed \ufb01remn\u00edch materi\u00e1l\u016f.<\/p>\n<p>Odborn\u00e9 semin\u00e1\u0159e a kurzy celo\u017eivotn\u00edho vzd\u011bl\u00e1v\u00e1n\u00ed akreditovan\u00e9 \u010cKAIT.<\/p>\n","protected":false},"excerpt":{"rendered":"<p>&#8222;Zdrav\u00e9 vnit\u0159n\u00ed prost\u0159ed\u00ed a n\u00edzk\u00e1 spot\u0159eba energie v \u017eivotn\u00edm cyklu budov&#8220; \u010cINNOST Vzd\u011bl\u00e1v\u00e1n\u00ed, poradenstv\u00ed a v\u00fdzkum v\u00a0oblasti tvorby vnit\u0159n\u00edho prost\u0159ed\u00ed staveb syst\u00e9my vyt\u00e1p\u011bn\u00ed, vzduchotechniky a chlazen\u00ed, zdravotn\u011b technick\u00fdch a elektroinstalac\u00ed. Uplatn\u011bn\u00ed obnoviteln\u00fdch zdroj\u016f energi\u00ed v\u00a0budov\u00e1ch a soustav\u00e1ch technick\u00fdch za\u0159\u00edzen\u00ed budov. Hodnocen\u00ed energetick\u00e9 n\u00e1ro\u010dnosti budov. Problematika trvale udr\u017eiteln\u00e9 v\u00fdstavby. &nbsp; VYBAVEN\u00cd souprava pro m\u011b\u0159en\u00ed tepeln\u011b vlhkostn\u00edho &hellip;<\/p>\n","protected":false},"author":12,"featured_media":0,"parent":0,"menu_order":0,"comment_status":"closed","ping_status":"closed","template":"","meta":{"footnotes":""},"class_list":["post-41","page","type-page","status-publish","hentry"],"_links":{"self":[{"href":"https:\/\/www.tzb.fce.vutbr.cz\/uvodni-informace\/wp-json\/wp\/v2\/pages\/41","targetHints":{"allow":["GET"]}}],"collection":[{"href":"https:\/\/www.tzb.fce.vutbr.cz\/uvodni-informace\/wp-json\/wp\/v2\/pages"}],"about":[{"href":"https:\/\/www.tzb.fce.vutbr.cz\/uvodni-informace\/wp-json\/wp\/v2\/types\/page"}],"author":[{"embeddable":true,"href":"https:\/\/www.tzb.fce.vutbr.cz\/uvodni-informace\/wp-json\/wp\/v2\/users\/12"}],"replies":[{"embeddable":true,"href":"https:\/\/www.tzb.fce.vutbr.cz\/uvodni-informace\/wp-json\/wp\/v2\/comments?post=41"}],"version-history":[{"count":8,"href":"https:\/\/www.tzb.fce.vutbr.cz\/uvodni-informace\/wp-json\/wp\/v2\/pages\/41\/revisions"}],"predecessor-version":[{"id":740,"href":"https:\/\/www.tzb.fce.vutbr.cz\/uvodni-informace\/wp-json\/wp\/v2\/pages\/41\/revisions\/740"}],"wp:attachment":[{"href":"https:\/\/www.tzb.fce.vutbr.cz\/uvodni-informace\/wp-json\/wp\/v2\/media?parent=41"}],"curies":[{"name":"wp","href":"https:\/\/api.w.org\/{rel}","templated":true}]}}