{"id":44,"date":"2018-03-23T09:49:28","date_gmt":"2018-03-23T08:49:28","guid":{"rendered":"https:\/\/tzb.cit.fce.vutbr.cz\/?page_id=44"},"modified":"2024-06-06T09:22:26","modified_gmt":"2024-06-06T07:22:26","slug":"kontakt","status":"publish","type":"page","link":"https:\/\/www.tzb.fce.vutbr.cz\/uvodni-informace\/kontakt\/","title":{"rendered":"Kontakt"},"content":{"rendered":"<p>Vysok\u00e9 u\u010den\u00ed technick\u00e9 v Brn\u011b<\/p>\n<p>Fakulta stavebn\u00ed<\/p>\n<p><b>\u00dastav technick\u00fdch za\u0159\u00edzen\u00ed budov<\/b><\/p>\n<p>&nbsp;<\/p>\n<p>pracovi\u0161t\u011b: <a href=\"https:\/\/www.fce.vutbr.cz\/o-fakulte\/plany-budov\/E513\">budova E1 &#8211; 5. N.P.<\/a><\/p>\n<p>adresa: Veve\u0159\u00ed 334\/95, 602 00 Brno<\/p>\n<p>tel: +420 541 147\u00a0921<\/p>\n<p>email:\u00a0<a href=\"mailto:ekr@fce.vutbr.cz\">tzb@fce.vutbr.cz<\/a><\/p>\n<p>&nbsp;<\/p>\n<p>I\u010cO: 00216305<\/p>\n<p>DI\u010c: CZ00216305<\/p>\n","protected":false},"excerpt":{"rendered":"<p>Vysok\u00e9 u\u010den\u00ed technick\u00e9 v Brn\u011b Fakulta stavebn\u00ed \u00dastav technick\u00fdch za\u0159\u00edzen\u00ed budov &nbsp; pracovi\u0161t\u011b: budova E1 &#8211; 5. N.P. adresa: Veve\u0159\u00ed 334\/95, 602 00 Brno tel: +420 541 147\u00a0921 email:\u00a0tzb@fce.vutbr.cz &nbsp; I\u010cO: 00216305 DI\u010c: CZ00216305<\/p>\n","protected":false},"author":12,"featured_media":0,"parent":0,"menu_order":0,"comment_status":"closed","ping_status":"closed","template":"","meta":{"footnotes":""},"class_list":["post-44","page","type-page","status-publish","hentry"],"_links":{"self":[{"href":"https:\/\/www.tzb.fce.vutbr.cz\/uvodni-informace\/wp-json\/wp\/v2\/pages\/44","targetHints":{"allow":["GET"]}}],"collection":[{"href":"https:\/\/www.tzb.fce.vutbr.cz\/uvodni-informace\/wp-json\/wp\/v2\/pages"}],"about":[{"href":"https:\/\/www.tzb.fce.vutbr.cz\/uvodni-informace\/wp-json\/wp\/v2\/types\/page"}],"author":[{"embeddable":true,"href":"https:\/\/www.tzb.fce.vutbr.cz\/uvodni-informace\/wp-json\/wp\/v2\/users\/12"}],"replies":[{"embeddable":true,"href":"https:\/\/www.tzb.fce.vutbr.cz\/uvodni-informace\/wp-json\/wp\/v2\/comments?post=44"}],"version-history":[{"count":10,"href":"https:\/\/www.tzb.fce.vutbr.cz\/uvodni-informace\/wp-json\/wp\/v2\/pages\/44\/revisions"}],"predecessor-version":[{"id":700,"href":"https:\/\/www.tzb.fce.vutbr.cz\/uvodni-informace\/wp-json\/wp\/v2\/pages\/44\/revisions\/700"}],"wp:attachment":[{"href":"https:\/\/www.tzb.fce.vutbr.cz\/uvodni-informace\/wp-json\/wp\/v2\/media?parent=44"}],"curies":[{"name":"wp","href":"https:\/\/api.w.org\/{rel}","templated":true}]}}