{"id":57,"date":"2018-03-23T09:53:05","date_gmt":"2018-03-23T08:53:05","guid":{"rendered":"https:\/\/tzb.cit.fce.vutbr.cz\/?page_id=57"},"modified":"2024-06-06T10:16:03","modified_gmt":"2024-06-06T08:16:03","slug":"uvodni-informace","status":"publish","type":"page","link":"https:\/\/www.tzb.fce.vutbr.cz\/uvodni-informace\/","title":{"rendered":"Aktuality"},"content":{"rendered":"<h1>Aktuality<\/h1>\n<div class=\"pt-cv-wrapper\"><div class=\"pt-cv-view pt-cv-grid pt-cv-colsys\" id=\"pt-cv-view-d8e7868q0v\"><div data-id=\"pt-cv-page-1\" class=\"pt-cv-page\" data-cvc=\"1\"><div class=\"col-md-12 col-sm-12 col-xs-12 pt-cv-content-item pt-cv-1-col\" ><div class='pt-cv-ifield'><a href=\"https:\/\/www.tzb.fce.vutbr.cz\/uvodni-informace\/pozvanka-na-bim\/\" class=\"_self pt-cv-href-thumbnail pt-cv-thumb-default\" target=\"_self\" ><\/a>\n<div class=\"pt-cv-title\"><a href=\"https:\/\/www.tzb.fce.vutbr.cz\/uvodni-informace\/pozvanka-na-bim\/\" class=\"_self\" target=\"_self\" >Pozv\u00e1nka na BIM<\/a><\/div>\n<div class=\"pt-cv-content\"> ...<br \/><div class=\"pt-cv-rmwrap\"><a href=\"https:\/\/www.tzb.fce.vutbr.cz\/uvodni-informace\/pozvanka-na-bim\/\" class=\"_self pt-cv-readmore btn btn-success\" target=\"_self\">Dal\u0161\u00ed ...<\/a><\/div><\/div>\n<div class=\"pt-cv-meta-fields\"><span class=\"entry-date\"> <time datetime=\"2025-09-15T20:24:28+02:00\">15.9.2025<\/time><\/span><span> \/ <\/span><span class=\"author\"> <a href=\"https:\/\/www.tzb.fce.vutbr.cz\/uvodni-informace\/author\/pavel-uher\/\" rel=\"author\">Pavel Uher<\/a><\/span><span> \/ <\/span><span class=\"terms\"> <a href='https:\/\/www.tzb.fce.vutbr.cz\/uvodni-informace\/category\/aktuality\/' title='Aktuality' class='pt-cv-tax-aktuality'>Aktuality<\/a><\/span><\/div><\/div><\/div>\n<div class=\"col-md-12 col-sm-12 col-xs-12 pt-cv-content-item pt-cv-1-col\" ><div class='pt-cv-ifield'><a href=\"https:\/\/www.tzb.fce.vutbr.cz\/uvodni-informace\/vyberove-rizeni-na-studentske-pedagogicko-vedecke-sily\/\" class=\"_self pt-cv-href-thumbnail pt-cv-thumb-default\" target=\"_self\" ><\/a>\n<div class=\"pt-cv-title\"><a href=\"https:\/\/www.tzb.fce.vutbr.cz\/uvodni-informace\/vyberove-rizeni-na-studentske-pedagogicko-vedecke-sily\/\" class=\"_self\" target=\"_self\" >V\u00fdb\u011brov\u00e9 \u0159\u00edzen\u00ed na Studentsk\u00e9 Pedagogicko-V\u011bdeck\u00e9 S\u00edly<\/a><\/div>\n<div class=\"pt-cv-content\">Na z\u00e1klad\u011b pokynu d\u011bkana \u010d.18\/2025 vyhla\u0161uje \u00dastav TZB v\u00fdb\u011brov\u00e9 \u0159\u00edzen\u00ed na dv\u011b pozice Studentsk\u00e9 Pedagogicko-V\u011bdeck\u00e9 S\u00edly (SPVS) pro akademick\u00fd rok ...<br \/><div class=\"pt-cv-rmwrap\"><a href=\"https:\/\/www.tzb.fce.vutbr.cz\/uvodni-informace\/vyberove-rizeni-na-studentske-pedagogicko-vedecke-sily\/\" class=\"_self pt-cv-readmore btn btn-success\" target=\"_self\">Dal\u0161\u00ed ...<\/a><\/div><\/div>\n<div class=\"pt-cv-meta-fields\"><span class=\"entry-date\"> <time datetime=\"2025-09-09T12:11:51+02:00\">9.9.2025<\/time><\/span><span> \/ <\/span><span class=\"author\"> <a href=\"https:\/\/www.tzb.fce.vutbr.cz\/uvodni-informace\/author\/pavel-uher\/\" rel=\"author\">Pavel Uher<\/a><\/span><span> \/ <\/span><span class=\"terms\"> <a href='https:\/\/www.tzb.fce.vutbr.cz\/uvodni-informace\/category\/aktuality\/' title='Aktuality' class='pt-cv-tax-aktuality'>Aktuality<\/a>, <a href='https:\/\/www.tzb.fce.vutbr.cz\/uvodni-informace\/tag\/studenti\/' title='studenti' class='pt-cv-tax-studenti'>studenti<\/a>, <a href='https:\/\/www.tzb.fce.vutbr.cz\/uvodni-informace\/category\/studenti\/' title='Studenti' class='pt-cv-tax-studenti'>Studenti<\/a><\/span><\/div><\/div><\/div>\n<div class=\"col-md-12 col-sm-12 col-xs-12 pt-cv-content-item pt-cv-1-col\" ><div class='pt-cv-ifield'><a href=\"https:\/\/www.tzb.fce.vutbr.cz\/uvodni-informace\/kurz-prubezneho-vzdelavani-energetickych-specialistu-c-536\/\" class=\"_self pt-cv-href-thumbnail pt-cv-thumb-default\" target=\"_self\" ><\/a>\n<div class=\"pt-cv-title\"><a href=\"https:\/\/www.tzb.fce.vutbr.cz\/uvodni-informace\/kurz-prubezneho-vzdelavani-energetickych-specialistu-c-536\/\" class=\"_self\" target=\"_self\" >Kurz pr\u016fb\u011b\u017en\u00e9ho vzd\u011bl\u00e1v\u00e1n\u00ed energetick\u00fdch specialist\u016f \u010d. 536<\/a><\/div>\n<div class=\"pt-cv-content\">Energetick\u00e1 n\u00e1ro\u010dnost budov z pohledu sm\u011brnice EPBD IV a p\u0159echodu na emisn\u011b nulov\u00e9 budovy 3 kreditn\u00ed body Kurz pr\u016fb\u011b\u017en\u00e9ho vzd\u011bl\u00e1v\u00e1n\u00ed ...<br \/><div class=\"pt-cv-rmwrap\"><a href=\"https:\/\/www.tzb.fce.vutbr.cz\/uvodni-informace\/kurz-prubezneho-vzdelavani-energetickych-specialistu-c-536\/\" class=\"_self pt-cv-readmore btn btn-success\" target=\"_self\">Dal\u0161\u00ed ...<\/a><\/div><\/div>\n<div class=\"pt-cv-meta-fields\"><span class=\"entry-date\"> <time datetime=\"2025-09-06T13:50:59+02:00\">6.9.2025<\/time><\/span><span> \/ <\/span><span class=\"author\"> <a href=\"https:\/\/www.tzb.fce.vutbr.cz\/uvodni-informace\/author\/pavel-uher\/\" rel=\"author\">Pavel Uher<\/a><\/span><span> \/ <\/span><span class=\"terms\"> <a href='https:\/\/www.tzb.fce.vutbr.cz\/uvodni-informace\/category\/aktuality\/' title='Aktuality' class='pt-cv-tax-aktuality'>Aktuality<\/a>, <a href='https:\/\/www.tzb.fce.vutbr.cz\/uvodni-informace\/category\/kurzy-czv\/' title='Kurzy C\u017dV' class='pt-cv-tax-kurzy-czv'>Kurzy C\u017dV<\/a>, <a href='https:\/\/www.tzb.fce.vutbr.cz\/uvodni-informace\/tag\/registrace_czv\/' title='Registrace C\u017dV' class='pt-cv-tax-registrace_czv'>Registrace C\u017dV<\/a><\/span><\/div><\/div><\/div>\n<div class=\"col-md-12 col-sm-12 col-xs-12 pt-cv-content-item pt-cv-1-col\" ><div class='pt-cv-ifield'><a href=\"https:\/\/www.tzb.fce.vutbr.cz\/uvodni-informace\/prednasku-z-firmy-schneider-electric\/\" class=\"_self pt-cv-href-thumbnail pt-cv-thumb-default\" target=\"_self\" ><\/a>\n<div class=\"pt-cv-title\"><a href=\"https:\/\/www.tzb.fce.vutbr.cz\/uvodni-informace\/prednasku-z-firmy-schneider-electric\/\" class=\"_self\" target=\"_self\" >P\u0159edn\u00e1\u0161ku z firmy Schneider Electric<\/a><\/div>\n<div class=\"pt-cv-content\">Dne 2. 4. 2025 prob\u011bhla pro studenty 3. ro\u010dn\u00edku se zam\u011b\u0159en\u00edm Environment\u00e1ln\u011b vysp\u011bl\u00e9 budovy a pro studenty 4. ro\u010dn\u00edku z ...<br \/><div class=\"pt-cv-rmwrap\"><a href=\"https:\/\/www.tzb.fce.vutbr.cz\/uvodni-informace\/prednasku-z-firmy-schneider-electric\/\" class=\"_self pt-cv-readmore btn btn-success\" target=\"_self\">Dal\u0161\u00ed ...<\/a><\/div><\/div>\n<div class=\"pt-cv-meta-fields\"><span class=\"entry-date\"> <time datetime=\"2025-04-18T21:26:31+02:00\">18.4.2025<\/time><\/span><span> \/ <\/span><span class=\"author\"> <a href=\"https:\/\/www.tzb.fce.vutbr.cz\/uvodni-informace\/author\/pavel-uher\/\" rel=\"author\">Pavel Uher<\/a><\/span><span> \/ <\/span><span class=\"terms\"> <a href='https:\/\/www.tzb.fce.vutbr.cz\/uvodni-informace\/category\/akce\/' title='Akce' class='pt-cv-tax-akce'>Akce<\/a>, <a href='https:\/\/www.tzb.fce.vutbr.cz\/uvodni-informace\/category\/aktuality\/' title='Aktuality' class='pt-cv-tax-aktuality'>Aktuality<\/a>, <a href='https:\/\/www.tzb.fce.vutbr.cz\/uvodni-informace\/category\/studenti\/' title='Studenti' class='pt-cv-tax-studenti'>Studenti<\/a><\/span><\/div><\/div><\/div>\n<div class=\"col-md-12 col-sm-12 col-xs-12 pt-cv-content-item pt-cv-1-col\" ><div class='pt-cv-ifield'><a href=\"https:\/\/www.tzb.fce.vutbr.cz\/uvodni-informace\/ohlednuti-za-studentskou-soutezi-na-xvi-rocniku-sympozia-green-way-2025\/\" class=\"_self pt-cv-href-thumbnail pt-cv-thumb-default\" target=\"_self\" ><\/a>\n<div class=\"pt-cv-title\"><a href=\"https:\/\/www.tzb.fce.vutbr.cz\/uvodni-informace\/ohlednuti-za-studentskou-soutezi-na-xvi-rocniku-sympozia-green-way-2025\/\" class=\"_self\" target=\"_self\" >Ohl\u00e9dnut\u00ed za studentskou sout\u011b\u017e\u00ed na XVI. ro\u010dn\u00edku sympozia Green Way 2025<\/a><\/div>\n<div class=\"pt-cv-content\">Na leto\u0161n\u00edm XVI. ro\u010dn\u00edku sympozia Green Way 2025, kter\u00e9 po\u0159\u00e1dala Spole\u010dnost pro techniku prost\u0159ed\u00ed (STP) 8. a 9. dubna v\u202fBrn\u011b ...<br \/><div class=\"pt-cv-rmwrap\"><a href=\"https:\/\/www.tzb.fce.vutbr.cz\/uvodni-informace\/ohlednuti-za-studentskou-soutezi-na-xvi-rocniku-sympozia-green-way-2025\/\" class=\"_self pt-cv-readmore btn btn-success\" target=\"_self\">Dal\u0161\u00ed ...<\/a><\/div><\/div>\n<div class=\"pt-cv-meta-fields\"><span class=\"entry-date\"> <time datetime=\"2025-05-07T08:02:32+02:00\">7.5.2025<\/time><\/span><span> \/ <\/span><span class=\"author\"> <a href=\"https:\/\/www.tzb.fce.vutbr.cz\/uvodni-informace\/author\/pavel-uher\/\" rel=\"author\">Pavel Uher<\/a><\/span><span> \/ <\/span><span class=\"terms\"> <a href='https:\/\/www.tzb.fce.vutbr.cz\/uvodni-informace\/category\/aktuality\/' title='Aktuality' class='pt-cv-tax-aktuality'>Aktuality<\/a><\/span><\/div><\/div><\/div><\/div><\/div>\n<div class=\" pt-cv-pagination-wrapper\"><ul class=\"pt-cv-pagination pt-cv-ajax pagination\" data-totalpages=\"2\" data-currentpage=\"1\" data-sid=\"d8e7868q0v\" data-unid=\"\" data-isblock=\"\" data-postid=\"\"><li class=\"active\"><a href=\"#\">1<\/a><\/li>\n\t<li ><a class=\"\" href=\"https:\/\/www.tzb.fce.vutbr.cz\/uvodni-informace\/wp-json\/wp\/v2\/pages\/57\/?_page=2\">2<\/a><\/li>\n\t<li ><a class=\" \" href=\"https:\/\/www.tzb.fce.vutbr.cz\/uvodni-informace\/wp-json\/wp\/v2\/pages\/57\/?_page=2\">&rsaquo;<\/a><\/li>\n\t<\/ul><img loading=\"lazy\" decoding=\"async\" width=\"15\" height=\"15\" class=\"pt-cv-spinner\" alt=\"Loading...\" src=\"data:image\/gif;base64,R0lGODlhDwAPALMPAMrKygwMDJOTkz09PZWVla+vr3p6euTk5M7OzuXl5TMzMwAAAJmZmWZmZszMzP\/\/\/yH\/C05FVFNDQVBFMi4wAwEAAAAh+QQFCgAPACwAAAAADwAPAAAEQvDJaZaZOIcV8iQK8VRX4iTYoAwZ4iCYoAjZ4RxejhVNoT+mRGP4cyF4Pp0N98sBGIBMEMOotl6YZ3S61Bmbkm4mAgAh+QQFCgAPACwAAAAADQANAAAENPDJSRSZeA418itN8QiK8BiLITVsFiyBBIoYqnoewAD4xPw9iY4XLGYSjkQR4UAUD45DLwIAIfkEBQoADwAsAAAAAA8ACQAABC\/wyVlamTi3nSdgwFNdhEJgTJoNyoB9ISYoQmdjiZPcj7EYCAeCF1gEDo4Dz2eIAAAh+QQFCgAPACwCAAAADQANAAAEM\/DJBxiYeLKdX3IJZT1FU0iIg2RNKx3OkZVnZ98ToRD4MyiDnkAh6BkNC0MvsAj0kMpHBAAh+QQFCgAPACwGAAAACQAPAAAEMDC59KpFDll73HkAA2wVY5KgiK5b0RRoI6MuzG6EQqCDMlSGheEhUAgqgUUAFRySIgAh+QQFCgAPACwCAAIADQANAAAEM\/DJKZNLND\/kkKaHc3xk+QAMYDKsiaqmZCxGVjSFFCxB1vwy2oOgIDxuucxAMTAJFAJNBAAh+QQFCgAPACwAAAYADwAJAAAEMNAs86q1yaWwwv2Ig0jUZx3OYa4XoRAfwADXoAwfo1+CIjyFRuEho60aSNYlOPxEAAAh+QQFCgAPACwAAAIADQANAAAENPA9s4y8+IUVcqaWJ4qEQozSoAzoIyhCK2NFU2SJk0hNnyEOhKR2AzAAj4Pj4GE4W0bkJQIAOw==\" \/><div class=\"clear pt-cv-clear-pagination\"><\/div><\/div><\/div>\n","protected":false},"excerpt":{"rendered":"<p>Aktuality<\/p>\n","protected":false},"author":12,"featured_media":0,"parent":0,"menu_order":0,"comment_status":"closed","ping_status":"closed","template":"","meta":{"footnotes":""},"class_list":["post-57","page","type-page","status-publish","hentry"],"_links":{"self":[{"href":"https:\/\/www.tzb.fce.vutbr.cz\/uvodni-informace\/wp-json\/wp\/v2\/pages\/57","targetHints":{"allow":["GET"]}}],"collection":[{"href":"https:\/\/www.tzb.fce.vutbr.cz\/uvodni-informace\/wp-json\/wp\/v2\/pages"}],"about":[{"href":"https:\/\/www.tzb.fce.vutbr.cz\/uvodni-informace\/wp-json\/wp\/v2\/types\/page"}],"author":[{"embeddable":true,"href":"https:\/\/www.tzb.fce.vutbr.cz\/uvodni-informace\/wp-json\/wp\/v2\/users\/12"}],"replies":[{"embeddable":true,"href":"https:\/\/www.tzb.fce.vutbr.cz\/uvodni-informace\/wp-json\/wp\/v2\/comments?post=57"}],"version-history":[{"count":15,"href":"https:\/\/www.tzb.fce.vutbr.cz\/uvodni-informace\/wp-json\/wp\/v2\/pages\/57\/revisions"}],"predecessor-version":[{"id":717,"href":"https:\/\/www.tzb.fce.vutbr.cz\/uvodni-informace\/wp-json\/wp\/v2\/pages\/57\/revisions\/717"}],"wp:attachment":[{"href":"https:\/\/www.tzb.fce.vutbr.cz\/uvodni-informace\/wp-json\/wp\/v2\/media?parent=57"}],"curies":[{"name":"wp","href":"https:\/\/api.w.org\/{rel}","templated":true}]}}