{"id":75,"date":"2018-03-23T10:08:39","date_gmt":"2018-03-23T09:08:39","guid":{"rendered":"https:\/\/tzb.cit.fce.vutbr.cz\/?page_id=75"},"modified":"2024-06-10T07:48:45","modified_gmt":"2024-06-10T05:48:45","slug":"historie","status":"publish","type":"page","link":"https:\/\/www.tzb.fce.vutbr.cz\/uvodni-informace\/historie\/","title":{"rendered":"Historie"},"content":{"rendered":"<p>V\u00fduka discipl\u00edn technick\u00fdch za\u0159\u00edzen\u00ed budov (TZB) se na tehdej\u0161\u00ed \u010cesk\u00e9 vysok\u00e9 \u0161kole technick\u00e9 v Brn\u011b, fakult\u011b in\u017een\u00fdrsk\u00e9ho stavitelstv\u00ed datuje od roku 1935. V r\u00e1mci v\u00fduky pozemn\u00edho stavitelstv\u00ed zaji\u0161\u0165oval v\u00fduku profes\u00ed instalac\u00ed a vyt\u00e1p\u011bn\u00ed honorovan\u00fd Ing. Alexander Grimm, jen\u017e od roku 1946 u\u017e jako habilitovan\u00fd docent pro obor vyt\u00e1p\u011bn\u00ed a vzduchotechniku zabezpe\u010doval p\u0159edn\u00e1\u0161ky ve v\u0161ech profes\u00ed TZB.<\/p>\n<p>V roce 1956 vznik\u00e1 Vysok\u00e9 u\u010den\u00ed technick\u00e9 (VUT) v Brn\u011b. Na fakult\u011b architektury a pozemn\u00edho stavitelstv\u00ed vznik\u00e1 katedra TZB a v\u00fdroby staveb. V t\u00e9 dob\u011b v oboru TZB p\u016fsob\u00ed Ing. Arch. V\u00e1clav Sl\u00e1dek, Ing. Miroslav Mi\u010d\u00e1nek a od roku 1959 nastupuje Ing. Jaroslav Fiala. Od roku 1960 se stala z katedry TZB a v\u00fdroby staveb katedra v\u00fdroby staveb (VS) a obor TZB tak dostal jen charakter \u201epracovi\u0161t\u011b\u201c. O 10 let pozd\u011bji bylo pracovi\u0161t\u011b TZB p\u0159e\u0159azeno na katedru konstrukc\u00ed pozemn\u00edch staveb, kde z\u016fstalo a\u017e do doby vzniku samostatn\u00e9 katedry TZB.<\/p>\n<p>Z\u00e1sluhu o postupn\u00e9 roz\u0161i\u0159ov\u00e1n\u00ed a prohlubov\u00e1n\u00ed v\u00fduky v\u0161ech discipl\u00edn TZB m\u00e1 kolektiv spolupracovn\u00edk\u016f ve slo\u017een\u00ed doc. Ing. Zden\u011bk Kobza, Ing. Ji\u0159\u00ed Cihl\u00e1\u0159 a Ing. Jaroslav Fiala. Vypracovali vysoko\u0161kolsk\u00e1 skripta a \u0159adu u\u010debn\u00edch pom\u016fcek pro p\u0159edn\u00e1\u0161ky, semin\u00e1\u0159e a cvi\u010den\u00ed, kter\u00e9 byly vyu\u017e\u00edv\u00e1ny i na sestersk\u00fdch katedr\u00e1ch TZB v Praze a v Bratislav\u011b. \u00darove\u0148 poznatk\u016f, kter\u00e9 studenti mohli b\u011bhem sv\u00e9ho studia z\u00edskat, podstatn\u011b nab\u00fdvala na kvalit\u011b i kvantit\u011b a dokazovali to z\u00e1jmem o obhajobu diplomov\u00fdch prac\u00ed v profes\u00edch zdravotn\u00ed technika, vyt\u00e1p\u011bn\u00ed a vzduchotechnika.<\/p>\n<p>Samostatn\u00e1 katedra technick\u00fdch za\u0159\u00edzen\u00ed budov vznikla v roce 1981. Prvn\u00edm vedouc\u00edm nov\u011b stanoven\u00e9ho \u00fastavu se stal doc. Ing. Ji\u0159\u00ed Cihl\u00e1\u0159, CSc. habilitovan\u00fd pro obor technick\u00e1 za\u0159\u00edzen\u00ed budov. Nosnou \u010dinnost\u00ed katedry se stala v\u011bdeck\u00e1 \u010dinnost, zam\u011b\u0159en\u00e1 na problematiku \u00faspor prim\u00e1rn\u00edch energi\u00ed p\u0159i realizaci a provozu staveb, na inovaci soustav TZB aj. V oblasti pedagogick\u00e9 \u010dinnosti se katedra zam\u011b\u0159ila na aktu\u00e1ln\u00ed t\u00e9mata souvisej\u00edc\u00ed s tvorbou intern\u00edho mikroklimatu budov soustavami TZB s c\u00edlem optimalizace energetick\u00fdch pot\u0159eb. Pod veden\u00edm doc. Ing. J. Cihl\u00e1\u0159e, CSc. v\u00fduku zaji\u0161\u0165oval kolektiv p\u016fsob\u00edc\u00edch pedagog\u016f ve slo\u017een\u00ed doc. Ing. Kobza, Ing. J. Fiala, CSc., Ing. G. Gebauer, Ing. D. Wicherkov\u00e1 a Ing. J. Hir\u0161.<\/p>\n<p>V letech 1997 do 1999 vykon\u00e1val funkci vedouc\u00edho \u00fastavu TZB Ing. Karel \u010cupr, CSc., kter\u00fd v letech 2000 \u2013 2002 zast\u00e1val funkci prod\u011bkana. Od b\u0159ezna 2000 zast\u00e1val funkci vedouc\u00edho \u00fastavu TZB doc. Ing. Ji\u0159\u00ed Hir\u0161, CSc. Za jeho p\u016fsoben\u00ed do\u0161lo k v\u00fdrazn\u00e9mu omlazen\u00ed a roz\u0161\u00ed\u0159en\u00ed pracovn\u00edho kolektivu.<\/p>\n<p>S rozvojem v\u00fdpo\u010detn\u00ed techniky a p\u0159\u00edstrojov\u00e9ho vybaven\u00ed \u00fastavu se v\u011bdeck\u00e1 \u010dinnost prohloubila do \u00farovn\u011b komplexn\u00ed teoretick\u00e9 a experiment\u00e1ln\u00ed anal\u00fdzy. V\u00fdstupem tohoto p\u0159\u00edstupu je zejm\u00e9na energetick\u00e1 diagnostika sleduj\u00edc\u00ed aktu\u00e1ln\u00ed stav a tvorbu intern\u00edho mikroklimatu budov, jejich energetickou n\u00e1ro\u010dnost, progn\u00f3zu tepeln\u00fdch stav\u016f, \u00faspor energi\u00ed a energetick\u00e9 audity. Svou pozornost \u00fastav v\u011bnuje tak\u00e9 matematick\u00e9mu modelov\u00e1n\u00ed a problematice proud\u011bn\u00ed tekutin, v jej\u00ed\u017e oblasti dosahuje v mezin\u00e1rodn\u00edm m\u011b\u0159\u00edtku v\u00fdznamn\u00fdch v\u00fdsledk\u016f.<\/p>\n","protected":false},"excerpt":{"rendered":"<p>V\u00fduka discipl\u00edn technick\u00fdch za\u0159\u00edzen\u00ed budov (TZB) se na tehdej\u0161\u00ed \u010cesk\u00e9 vysok\u00e9 \u0161kole technick\u00e9 v Brn\u011b, fakult\u011b in\u017een\u00fdrsk\u00e9ho stavitelstv\u00ed datuje od roku 1935. V r\u00e1mci v\u00fduky pozemn\u00edho stavitelstv\u00ed zaji\u0161\u0165oval v\u00fduku profes\u00ed instalac\u00ed a vyt\u00e1p\u011bn\u00ed honorovan\u00fd Ing. Alexander Grimm, jen\u017e od roku 1946 u\u017e jako habilitovan\u00fd docent pro obor vyt\u00e1p\u011bn\u00ed a vzduchotechniku zabezpe\u010doval p\u0159edn\u00e1\u0161ky ve v\u0161ech profes\u00ed &hellip;<\/p>\n","protected":false},"author":12,"featured_media":0,"parent":0,"menu_order":0,"comment_status":"closed","ping_status":"closed","template":"","meta":{"footnotes":""},"class_list":["post-75","page","type-page","status-publish","hentry"],"_links":{"self":[{"href":"https:\/\/www.tzb.fce.vutbr.cz\/uvodni-informace\/wp-json\/wp\/v2\/pages\/75","targetHints":{"allow":["GET"]}}],"collection":[{"href":"https:\/\/www.tzb.fce.vutbr.cz\/uvodni-informace\/wp-json\/wp\/v2\/pages"}],"about":[{"href":"https:\/\/www.tzb.fce.vutbr.cz\/uvodni-informace\/wp-json\/wp\/v2\/types\/page"}],"author":[{"embeddable":true,"href":"https:\/\/www.tzb.fce.vutbr.cz\/uvodni-informace\/wp-json\/wp\/v2\/users\/12"}],"replies":[{"embeddable":true,"href":"https:\/\/www.tzb.fce.vutbr.cz\/uvodni-informace\/wp-json\/wp\/v2\/comments?post=75"}],"version-history":[{"count":5,"href":"https:\/\/www.tzb.fce.vutbr.cz\/uvodni-informace\/wp-json\/wp\/v2\/pages\/75\/revisions"}],"predecessor-version":[{"id":718,"href":"https:\/\/www.tzb.fce.vutbr.cz\/uvodni-informace\/wp-json\/wp\/v2\/pages\/75\/revisions\/718"}],"wp:attachment":[{"href":"https:\/\/www.tzb.fce.vutbr.cz\/uvodni-informace\/wp-json\/wp\/v2\/media?parent=75"}],"curies":[{"name":"wp","href":"https:\/\/api.w.org\/{rel}","templated":true}]}}